{"id":537,"date":"2010-11-27T17:18:39","date_gmt":"2010-11-27T16:18:39","guid":{"rendered":"http:\/\/www.lmkbabice.cz\/?page_id=537"},"modified":"2016-01-15T17:43:06","modified_gmt":"2016-01-15T16:43:06","slug":"pocasi","status":"publish","type":"page","link":"http:\/\/www.lmkbabice.cz\/?page_id=537","title":{"rendered":"Po\u010das\u00ed"},"content":{"rendered":"<h3>Aktu\u00e1ln\u00ed po\u010das\u00ed:<\/h3>\n<p><object width=\"600\" height=\"400\"><param name=\"movie\" value=\"http:\/\/www.wunderground.com\/swf\/Rapid_Fire.swf?units=metric&amp;station=IMORAVAB2\" \/><embed src=\"http:\/\/www.wunderground.com\/swf\/Rapid_Fire.swf?units=metric&amp;station=IMORAVAB2\" type=\"application\/x-shockwave-flash\" width=\"600\" height=\"400\" \/><\/object><\/p>\n<h3>P\u0159edpov\u011b\u010f Windguru pro lokalitu leti\u0161t\u011b:<\/h3>\n<p><iframe loading=\"lazy\" src=\"http:\/\/www.windguru.cz\/int\/distr_iframe.php?u=258821&amp;s=182764&amp;c=800d1f46ca\" width=\"600\" height=\"300\" frameborder=\"0\"><\/iframe><\/p>\n<p>&nbsp;<\/p>\n<p><a href=\"http:\/\/www.yr.no\/place\/Czech_Republic\/South_Moravia\/Babice_nad_Svitavou\/\">Aktu\u00e1ln\u00ed p\u0159edpov\u011b\u010f na yr.no<\/a><\/p>\n<p><a href=\"https:\/\/www.windyty.com\/49.285\/16.703?49.300,17.202,10\">Windity<\/a> &#8211; aktu\u00e1ln\u00ed stav, p\u0159edpov\u011b\u010f v\u011btru, po\u010das\u00ed atd.<\/p>\n","protected":false},"excerpt":{"rendered":"<p>Aktu\u00e1ln\u00ed po\u010das\u00ed: P\u0159edpov\u011b\u010f Windguru pro lokalitu leti\u0161t\u011b: &nbsp; Aktu\u00e1ln\u00ed p\u0159edpov\u011b\u010f na yr.no Windity &#8211; aktu\u00e1ln\u00ed stav, p\u0159edpov\u011b\u010f v\u011btru, po\u010das\u00ed atd.<\/p>\n","protected":false},"author":19,"featured_media":0,"parent":0,"menu_order":4,"comment_status":"closed","ping_status":"closed","template":"","meta":{"ngg_post_thumbnail":0,"footnotes":""},"class_list":["post-537","page","type-page","status-publish","hentry"],"_links":{"self":[{"href":"http:\/\/www.lmkbabice.cz\/index.php?rest_route=\/wp\/v2\/pages\/537","targetHints":{"allow":["GET"]}}],"collection":[{"href":"http:\/\/www.lmkbabice.cz\/index.php?rest_route=\/wp\/v2\/pages"}],"about":[{"href":"http:\/\/www.lmkbabice.cz\/index.php?rest_route=\/wp\/v2\/types\/page"}],"author":[{"embeddable":true,"href":"http:\/\/www.lmkbabice.cz\/index.php?rest_route=\/wp\/v2\/users\/19"}],"replies":[{"embeddable":true,"href":"http:\/\/www.lmkbabice.cz\/index.php?rest_route=%2Fwp%2Fv2%2Fcomments&post=537"}],"version-history":[{"count":7,"href":"http:\/\/www.lmkbabice.cz\/index.php?rest_route=\/wp\/v2\/pages\/537\/revisions"}],"predecessor-version":[{"id":1025,"href":"http:\/\/www.lmkbabice.cz\/index.php?rest_route=\/wp\/v2\/pages\/537\/revisions\/1025"}],"wp:attachment":[{"href":"http:\/\/www.lmkbabice.cz\/index.php?rest_route=%2Fwp%2Fv2%2Fmedia&parent=537"}],"curies":[{"name":"wp","href":"https:\/\/api.w.org\/{rel}","templated":true}]}}