{"id":51,"date":"2009-12-10T21:16:08","date_gmt":"2009-12-10T20:16:08","guid":{"rendered":"http:\/\/www.lmkbabice.cz\/?page_id=51"},"modified":"2012-01-03T20:49:07","modified_gmt":"2012-01-03T19:49:07","slug":"letiste","status":"publish","type":"page","link":"http:\/\/www.lmkbabice.cz\/?page_id=51","title":{"rendered":"Leti\u0161t\u011b"},"content":{"rendered":"<hr \/>\n<p>Vzletov\u00e1 plocha model\u00e1\u0159sk\u00e9ho leti\u0161t\u011b Babice se nach\u00e1z\u00ed cca 1 km za obc\u00ed Babice nad Svitavou. Je situovan\u00e1 mimo bl\u00edzkou z\u00e1stavbu a p\u0159\u00edjezdovou silnici a poskytuje i dostatek okoln\u00edho prostoru okolo k bezpe\u010dn\u00e9mu l\u00e9t\u00e1n\u00ed s RC modely, bez ohro\u017een\u00ed okoln\u00ed z\u00e1stavby a osob a majetku mimo letov\u00fd prostor. Rozm\u011bry travnat\u00e9 plochy jsou 80 x 20 m. Leti\u0161t\u011b le\u017e\u00ed\u00a0 na sou\u0159adnic\u00edch:<\/p>\n<p>49\u00b016&#8217;54.145&#8243; N\u00a0 a\u00a0 16\u00b042&#8217;50.5&#8243; E\u00a0\u00a0\u00a0\u00a0\u00a0\u00a0\u00a0 <a href=\"http:\/\/maps.google.com\/maps?q=49.281743,16.713915+%28plocha+LMK+Babice%29&amp;z=15&amp;t=h&amp;iwloc=A&amp;hl=cs\">mapa Google<\/a><\/p>\n<p style=\"text-align: center;\"><img loading=\"lazy\" decoding=\"async\" class=\"size-full wp-image-53  aligncenter\" title=\"Leti\u0161t\u011b LMK Babice\" src=\"http:\/\/www.lmkbabice.cz\/wp-content\/uploads\/letiste1.jpg\" alt=\"Leti\u0161t\u011b LMK Babice\" width=\"640\" height=\"394\" srcset=\"http:\/\/www.lmkbabice.cz\/wp-content\/uploads\/letiste1.jpg 640w, http:\/\/www.lmkbabice.cz\/wp-content\/uploads\/letiste1-150x92.jpg 150w, http:\/\/www.lmkbabice.cz\/wp-content\/uploads\/letiste1-300x184.jpg 300w\" sizes=\"auto, (max-width: 640px) 100vw, 640px\" \/><\/p>\n<hr \/>\n<p style=\"text-align: center;\"><strong>PROVOZN\u00cd \u0158\u00c1D model\u00e1\u0159sk\u00e9ho leti\u0161t\u011b Babice nad Svitavou<\/strong><\/p>\n<p>1. Tento provozn\u00ed \u0159\u00e1d je z\u00e1vazn\u00fd pro v\u0161echny u\u017eivatele i n\u00e1v\u0161t\u011bvn\u00edky model\u00e1\u0159sk\u00e9ho leti\u0161t\u011b Babice nad Svitavou.<\/p>\n<p>2. Upraven\u00e1 plocha model\u00e1\u0159sk\u00e9ho leti\u0161t\u011b slou\u017e\u00ed v\u00fdhradn\u011b k provozu model\u016f model\u00e1\u0159\u016f uveden\u00fdch v seznamu opr\u00e1vn\u011bn\u00fdch u\u017eivatel\u016f. Na pozv\u00e1n\u00ed mohou leti\u0161t\u011b kr\u00e1tkodob\u011b pou\u017e\u00edvat i jin\u00ed model\u00e1\u0159i a to pouze s doprovodem opr\u00e1vn\u011bn\u00e9ho u\u017eivatele a po souhlasu ostatn\u00edch pr\u00e1v\u011b p\u0159\u00edtomn\u00fdch u\u017eivatel\u016f leti\u0161t\u011b.<\/p>\n<p>3. Provozn\u00ed doba leti\u0161t\u011b je pro modely se spalovac\u00edmi motory denn\u011b od 8 do 21h, modely s elektrick\u00fdm pohonem nebo bez motoru mohou leti\u0161t\u011b vyu\u017e\u00edvat bez \u010dasov\u00e9ho omezen\u00ed. Piloti hlu\u010dn\u011bj\u0161\u00edch motorov\u00fdch model\u016f jsou povinni nezal\u00e9t\u00e1vat sm\u011brem k z\u00e1stavb\u011b obce Babice nad Svitavou s v\u00fdjimkou vzletov\u00e9ho a p\u0159ist\u00e1vac\u00edho man\u00e9vru.<\/p>\n<p>4. Vozidla parkuj\u00ed na plo\u0161e ur\u010den\u00e9 k parkov\u00e1n\u00ed na lev\u00e9 stran\u011b vzletov\u00e9 plochy, sm\u011brem k silnici Babice \u2013 K\u0159tiny. Pokud p\u0159ij\u00ed\u017ed\u011bj\u00edc\u00ed mus\u00ed p\u0159i obj\u00ed\u017ed\u011bn\u00ed parkuj\u00edc\u00edch vozidel vjet na plochu ur\u010denou k l\u00e9t\u00e1n\u00ed a na plo\u0161e je l\u00e9taj\u00edc\u00ed model\u00e1\u0159, vy\u010dk\u00e1 a\u017e s modelem p\u0159istane, nebo se s n\u00edm domluv\u00ed, zda m\u016f\u017ee bezpe\u010dn\u011b projet okolo zaparkovan\u00fdch vozidel nebo t\u011bsn\u011b po okraji opa\u010dn\u00e9 strany vzletov\u00e9 plochy. \u0158idi\u010di vozidel jsou v\u017edy povinni chovat se tak, aby nepo\u0161kodili povrch vzletov\u00e9 plochy, zejm\u00e9na nen\u00ed dovoleno vj\u00ed\u017ed\u011bt na plochu k l\u00e9t\u00e1n\u00ed pokud je podm\u00e1\u010den\u00e1 a vozidlo by na n\u00ed zanechalo vytla\u010den\u00e9 nerovnosti.<\/p>\n<p>5. Ka\u017ed\u00fd model\u00e1\u0159 db\u00e1 na maxim\u00e1ln\u00ed zaji\u0161t\u011bn\u00ed bezpe\u010dnosti sv\u00e9, ostatn\u00edch model\u00e1\u0159\u016f, jin\u00fdch osob a majetku.Je zak\u00e1z\u00e1no l\u00e9tat nad parkuj\u00edc\u00edmi automobily a p\u0159ihl\u00ed\u017eej\u00edc\u00ed osobami. Na leti\u0161ti je povoleno l\u00e9tat pouze s modely, kter\u00e9 sv\u00fdm konstruk\u010dn\u00edm, stavebn\u00edm a vnit\u0159n\u00edm vybaven\u00edm neohro\u017euj\u00ed p\u0159\u00edtomn\u00e9 osoby, nebo jejich majetek.<\/p>\n<p>6. Z\u00e1kladn\u00ed povinnost\u00ed p\u0159\u00edchoz\u00edho model\u00e1\u0159e je ohl\u00e1sit v\u0161em konkr\u00e9tn\u00ed \u010d\u00edslo kan\u00e1lu kter\u00fd bude pou\u017e\u00edvat. Model\u00e1\u0159 pou\u017e\u00edvaj\u00edc\u00ed frekvenci 2,4 GHz svou frekvenci vys\u00edla\u010de p\u0159\u00edtomn\u00fdm osob\u00e1m hl\u00e1sit nemus\u00ed, ozn\u00e1m\u00ed ji pouze na dotaz neznal\u00e9 osob\u011b.<\/p>\n<p>7. Po\u0159ad\u00ed a d\u00e9lka letu se stanov\u00ed dohodou p\u0159\u00edtomn\u00fdch u\u017eivatel\u016f. Je vhodn\u00e9, aby si pilot ur\u010dil sv\u016fj p\u0159edpokl\u00e1dan\u00fd letov\u00fd prostor a ostatn\u00ed s t\u00edm sezn\u00e1mil. Po dohod\u011b je mo\u017en\u00e9 l\u00e9t\u00e1n\u00ed i v\u00edce model\u016f sou\u010dasn\u011b.<\/p>\n<p>8. B\u011bhem letu je zak\u00e1z\u00e1no vstupovat do prostoru ur\u010den\u00e9ho pro vzlet a p\u0159ist\u00e1n\u00ed, spou\u0161t\u011bt motor jin\u00e9ho letadla, p\u0159\u00edpadn\u011b jinak rozptylovat pilotovu pozornost pokud k tomu v\u00fdslovn\u011b nesvol\u00ed. Pilot pr\u00e1v\u011b l\u00e9taj\u00edc\u00edho modelu se m\u016f\u017ee zdr\u017eovat na vzletov\u00e9 a p\u0159ist\u00e1vac\u00ed plo\u0161e.<\/p>\n<p>9. P\u0159i p\u0159ist\u00e1vac\u00edm man\u00e9vru model\u00e1\u0159 stoj\u00ed v\u017edy na stran\u011b parkuj\u00edc\u00edch automobil\u016f a model p\u0159ist\u00e1v\u00e1 co nejd\u00e1le od osob a parkuj\u00edc\u00edch vozidel. P\u0159ed p\u0159ist\u00e1n\u00edm informuje p\u0159\u00edtomn\u00e9 osoby\u00a0 na plo\u0161e i na poln\u00ed komunikaci okolo leti\u0161tn\u00ed plochy o sv\u00e9m kon\u00e1n\u00ed tak, aby zamezil ohro\u017een\u00ed osob modelem. P\u0159\u00edtomn\u00ed pr\u00e1v\u011b nel\u00e9taj\u00edc\u00ed model\u00e1\u0159i dohl\u00ed\u017eej\u00ed na to, aby se n\u00e1hodn\u00ed kolemjdouc\u00ed nebo n\u00e1v\u0161t\u011bvn\u00edci z \u0159ad ve\u0159ejnosti neznal\u00ed z\u00e1sad provozu na leti\u0161ti nepohybovali v m\u00edstech, kde by mohli b\u00fdt modelem ohro\u017eeni a v p\u0159\u00edpad\u011b, \u017ee se n\u011bkdo v nebezpe\u010dn\u00e9m prostoru vyskytuje, upozorn\u00ed na tuto skute\u010dnost pilota.<\/p>\n<p>10. Na leti\u0161ti je zak\u00e1z\u00e1no ponech\u00e1vat nezletil\u00e9 osoby a zv\u00ed\u0159ata bez dozoru dosp\u011bl\u00e9 osoby. Dosp\u011bl\u00e1 osoba doprov\u00e1zej\u00edc\u00ed nezletilou osobu nebo zv\u00ed\u0159e zodpov\u00edd\u00e1 za jejich kon\u00e1n\u00ed a v p\u0159\u00edpad\u011b poru\u0161en\u00ed bezpe\u010dnostn\u00edch z\u00e1sad na leti\u0161ti nezletilou osobou nebo zv\u00ed\u0159etem, budou z prostoru leti\u0161t\u011b vyk\u00e1z\u00e1ni.<\/p>\n<p>11. Je zak\u00e1z\u00e1no zne\u010di\u0161\u0165ovat nebo jinak po\u0161kozovat plochu leti\u0161t\u011b i okoln\u00ed zem\u011bd\u011blsk\u00e9 plochy a komunikace. U\u017eivatel\u00e9 i jin\u00e9 osoby p\u0159\u00edtomn\u00e9 na model\u00e1\u0159sk\u00e9m leti\u0161ti jsou povinni udr\u017eovat po\u0159\u00e1dek na plo\u0161e a ve\u0161ker\u00e9 odpadky odv\u00e9zt vlastn\u00edmi prost\u0159edky. Je zak\u00e1z\u00e1no rozd\u011bl\u00e1vat ohe\u0148 kdekoli na plo\u0161e i v jej\u00edm okol\u00ed.<\/p>\n<p>12.Za z\u00e1va\u017en\u00e9 nebo opakovan\u00e9 poru\u0161en\u00ed provozn\u00edho \u0159\u00e1du b\u011bhem dne m\u016f\u017ee b\u00fdt u\u017eivatel ostatn\u00edmi vyk\u00e1z\u00e1n z prostoru leti\u0161t\u011b. Dlouhodob\u00e9 poru\u0161ov\u00e1n\u00ed provozn\u00edho \u0159\u00e1du m\u016f\u017ee v\u00e9st k trval\u00e9mu z\u00e1kazu vstupu na leti\u0161t\u011b.<\/p>\n<p>13. U\u017eivatel\u00e9 se pod\u00edlej\u00ed na \u00fahrad\u011b provozn\u00edch n\u00e1klad\u016f leti\u0161t\u011b. Poplatky jsou stanoveny na ka\u017edou sez\u00f3nu vz\u00e1jemnou dohodou opr\u00e1vn\u011bn\u00fdch u\u017eivatel\u016f.<\/p>\n<p>Platnost od 1.4.2010<\/p>\n","protected":false},"excerpt":{"rendered":"<p>Vzletov\u00e1 plocha model\u00e1\u0159sk\u00e9ho leti\u0161t\u011b Babice se nach\u00e1z\u00ed cca 1 km za obc\u00ed Babice nad Svitavou. Je situovan\u00e1 mimo bl\u00edzkou z\u00e1stavbu a p\u0159\u00edjezdovou silnici a poskytuje i dostatek okoln\u00edho prostoru okolo k bezpe\u010dn\u00e9mu l\u00e9t\u00e1n\u00ed s RC modely, bez ohro\u017een\u00ed okoln\u00ed z\u00e1stavby a osob a majetku mimo letov\u00fd prostor. Rozm\u011bry travnat\u00e9 plochy jsou 80 x 20 m. [&hellip;]<\/p>\n","protected":false},"author":19,"featured_media":0,"parent":0,"menu_order":1,"comment_status":"closed","ping_status":"closed","template":"","meta":{"ngg_post_thumbnail":0,"footnotes":""},"class_list":["post-51","page","type-page","status-publish","hentry"],"_links":{"self":[{"href":"http:\/\/www.lmkbabice.cz\/index.php?rest_route=\/wp\/v2\/pages\/51","targetHints":{"allow":["GET"]}}],"collection":[{"href":"http:\/\/www.lmkbabice.cz\/index.php?rest_route=\/wp\/v2\/pages"}],"about":[{"href":"http:\/\/www.lmkbabice.cz\/index.php?rest_route=\/wp\/v2\/types\/page"}],"author":[{"embeddable":true,"href":"http:\/\/www.lmkbabice.cz\/index.php?rest_route=\/wp\/v2\/users\/19"}],"replies":[{"embeddable":true,"href":"http:\/\/www.lmkbabice.cz\/index.php?rest_route=%2Fwp%2Fv2%2Fcomments&post=51"}],"version-history":[{"count":24,"href":"http:\/\/www.lmkbabice.cz\/index.php?rest_route=\/wp\/v2\/pages\/51\/revisions"}],"predecessor-version":[{"id":431,"href":"http:\/\/www.lmkbabice.cz\/index.php?rest_route=\/wp\/v2\/pages\/51\/revisions\/431"}],"wp:attachment":[{"href":"http:\/\/www.lmkbabice.cz\/index.php?rest_route=%2Fwp%2Fv2%2Fmedia&parent=51"}],"curies":[{"name":"wp","href":"https:\/\/api.w.org\/{rel}","templated":true}]}}