{"id":18,"date":"2009-12-10T19:13:15","date_gmt":"2009-12-10T18:13:15","guid":{"rendered":"http:\/\/www.lmkbabice.cz\/?page_id=18"},"modified":"2011-02-03T21:18:37","modified_gmt":"2011-02-03T20:18:37","slug":"letecky-modelarsky-klub-babice-nad-svitavou","status":"publish","type":"page","link":"http:\/\/www.lmkbabice.cz\/?page_id=18","title":{"rendered":"LMK Babice"},"content":{"rendered":"<hr \/>\n<p><img loading=\"lazy\" decoding=\"async\" class=\"size-full wp-image-24 alignleft\" style=\"margin: 0px 10px 0px 0px;\" title=\"katana_m\" src=\"http:\/\/www.lmkbabice.cz\/wp-content\/uploads\/katana_m.jpg\" alt=\"katana\" width=\"200\" height=\"227\" srcset=\"http:\/\/www.lmkbabice.cz\/wp-content\/uploads\/katana_m.jpg 200w, http:\/\/www.lmkbabice.cz\/wp-content\/uploads\/katana_m-132x150.jpg 132w\" sizes=\"auto, (max-width: 200px) 100vw, 200px\" \/><\/p>\n<p><strong>V\u00edtejte na str\u00e1nk\u00e1ch Leteck\u00e9ho model\u00e1\u0159sk\u00e9ho klubu\u00a0 Babice nad Svitavou.<\/strong><\/p>\n<p><strong>Registra\u010dn\u00ed \u010d. SM\u010cR:<\/strong> 132<br \/>\n<strong>I\u010c:<\/strong> 75097583<br \/>\n<strong>S\u00eddlo:<\/strong> Babice nad Svitavou \u010d.28<br \/>\n<strong>P\u0159edseda  LMK:<\/strong> Jan  Mo\u017en\u00fd<br \/>\n<strong>M\u00edstop\u0159edseda:<\/strong> Ing. Ji\u0159\u00ed Hol\u00fd<br \/>\n<strong>Hospod\u00e1\u0159:<\/strong> Tom\u00e1\u0161 Zukal<br \/>\n<strong> <\/strong><\/p>\n<p>Leteck\u00fd model\u00e1\u0159sk\u00fd klub Babice nad  Svitavou byl zalo\u017een ke dni 15.12.2006. Zakl\u00e1daj\u00edc\u00edmi \u010dleny je 8 aktivn\u00edch  model\u00e1\u0159\u016f z bl\u00edzk\u00e9ho okol\u00ed Babic, kte\u0159\u00ed se ji\u017e p\u0159ed zalo\u017een\u00edm LMK spole\u010dn\u011b  sch\u00e1zeli k l\u00e9t\u00e1n\u00ed na spole\u010dn\u011b upraven\u00e9m a udr\u017eovan\u00e9m poln\u00edm leti\u0161ti. N\u011bkte\u0159\u00ed  \u010dlenov\u00e9 LMK jsou dlouholet\u00fdmi a zku\u0161en\u00fdmi model\u00e1\u0159i a piloty v\u011bt\u0161inou RC  akrobatick\u00fdch model\u016f s benz\u00ednov\u00fdmi motory a pamatuj\u00ed i za\u010d\u00e1tky l\u00e9t\u00e1n\u00ed s RC  modely u n\u00e1s. P\u0159ed zalo\u017een\u00edm LMK Babice byli i \u010dleny jin\u00fdch LMK. \u010clenov\u00e9 LMK vyu\u017e\u00edvaj\u00ed bl\u00edzkou udr\u017eovanou vzletovou  plochu model\u00e1\u0159sk\u00e9ho leti\u0161t\u011b Babice nad Svitavou. Mimo l\u00e9t\u00e1n\u00ed s akrobatick\u00fdmi modely zde l\u00e9taj\u00ed i v\u011btron\u011b a polomakety a  akrobatick\u00e9 modely, poh\u00e1n\u011bn\u00e9 eletromotory.<\/p>\n<p>B\u011bhem letov\u00e9 sezony od dubna do konce roku, dle aktu\u00e1ln\u00edho po\u010das\u00ed se sch\u00e1z\u00edme na spole\u010dn\u00e9m l\u00e9t\u00e1n\u00ed s RC modely p\u0159i dodr\u017eov\u00e1n\u00ed z\u00e1kladn\u00edch bezpe\u010dnostn\u00edch pravidel. Situov\u00e1n\u00ed vzletov\u00e9 plochy poskytuje dokonal\u00e9 odd\u011blen\u00ed letov\u00e9ho prostoru od ostatn\u00edho okol\u00ed a t\u00edm naprost\u00fd klid pro spole\u010dn\u00e9 l\u00e9t\u00e1n\u00ed nebo samostatn\u00fd individu\u00e1ln\u00ed tr\u00e9ning. Spole\u010dn\u00e9 setk\u00e1v\u00e1n\u00ed \u010dlen\u016f LMK slou\u017e\u00ed k vz\u00e1jemn\u00e9ho p\u0159ed\u00e1v\u00e1n\u00ed zku\u0161enost\u00ed, \u0159e\u0161en\u00ed individu\u00e1ln\u00edch probl\u00e9m\u016f a je hnac\u00edm motorem pro zlep\u0161ov\u00e1n\u00ed techniky i dovednost\u00ed jednotliv\u00fdch \u010dlen\u016f. \u010clenov\u00e9 LMK se r\u00e1di pravideln\u011b z\u00fa\u010dast\u0148uj\u00ed se sv\u00fdmi modely leteckomodel\u00e1\u0159sk\u00fdch akc\u00ed v okol\u00ed &#8211; Vy\u0161kovsk\u00fdch slet\u016f, Show Mal\u00e1 Han\u00e1 a pod. Jako div\u00e1ci nav\u0161t\u011bvujeme velk\u00e9 leteckomodel\u00e1\u0159sk\u00e9 akce (Znojmo, Bohu\u0148ovice, Nesva\u010dily).<\/p>\n","protected":false},"excerpt":{"rendered":"<p>V\u00edtejte na str\u00e1nk\u00e1ch Leteck\u00e9ho model\u00e1\u0159sk\u00e9ho klubu\u00a0 Babice nad Svitavou. Registra\u010dn\u00ed \u010d. SM\u010cR: 132 I\u010c: 75097583 S\u00eddlo: Babice nad Svitavou \u010d.28 P\u0159edseda LMK: Jan Mo\u017en\u00fd M\u00edstop\u0159edseda: Ing. Ji\u0159\u00ed Hol\u00fd Hospod\u00e1\u0159: Tom\u00e1\u0161 Zukal Leteck\u00fd model\u00e1\u0159sk\u00fd klub Babice nad Svitavou byl zalo\u017een ke dni 15.12.2006. Zakl\u00e1daj\u00edc\u00edmi \u010dleny je 8 aktivn\u00edch model\u00e1\u0159\u016f z bl\u00edzk\u00e9ho okol\u00ed Babic, kte\u0159\u00ed se ji\u017e [&hellip;]<\/p>\n","protected":false},"author":19,"featured_media":0,"parent":0,"menu_order":0,"comment_status":"closed","ping_status":"closed","template":"","meta":{"ngg_post_thumbnail":0,"footnotes":""},"class_list":["post-18","page","type-page","status-publish","hentry"],"_links":{"self":[{"href":"http:\/\/www.lmkbabice.cz\/index.php?rest_route=\/wp\/v2\/pages\/18","targetHints":{"allow":["GET"]}}],"collection":[{"href":"http:\/\/www.lmkbabice.cz\/index.php?rest_route=\/wp\/v2\/pages"}],"about":[{"href":"http:\/\/www.lmkbabice.cz\/index.php?rest_route=\/wp\/v2\/types\/page"}],"author":[{"embeddable":true,"href":"http:\/\/www.lmkbabice.cz\/index.php?rest_route=\/wp\/v2\/users\/19"}],"replies":[{"embeddable":true,"href":"http:\/\/www.lmkbabice.cz\/index.php?rest_route=%2Fwp%2Fv2%2Fcomments&post=18"}],"version-history":[{"count":18,"href":"http:\/\/www.lmkbabice.cz\/index.php?rest_route=\/wp\/v2\/pages\/18\/revisions"}],"predecessor-version":[{"id":578,"href":"http:\/\/www.lmkbabice.cz\/index.php?rest_route=\/wp\/v2\/pages\/18\/revisions\/578"}],"wp:attachment":[{"href":"http:\/\/www.lmkbabice.cz\/index.php?rest_route=%2Fwp%2Fv2%2Fmedia&parent=18"}],"curies":[{"name":"wp","href":"https:\/\/api.w.org\/{rel}","templated":true}]}}